{"id":234,"date":"2026-02-11T15:10:04","date_gmt":"2026-02-11T15:10:04","guid":{"rendered":"https:\/\/staging.amzell.de\/?page_id=234"},"modified":"2026-03-13T15:17:44","modified_gmt":"2026-03-13T15:17:44","slug":"modul-ubersicht","status":"publish","type":"page","link":"https:\/\/www.amzell.de\/de\/modul-ubersicht\/","title":{"rendered":"Modul \u00dcbersicht"},"content":{"rendered":"\r\n<p>Teasertext f\u00fcr die Seite &#8211; Bitte ausf\u00fcllen, wenn die Seite im Modul &#8222;mehr Beitr\u00e4ge&#8220; verlinkt wird, dann muss hier der Teaseertext stehen. \u00a0<\/p>\r\n","protected":false},"excerpt":{"rendered":"<p>Teasertext f\u00fcr die Seite &#8211; Bitte ausf\u00fcllen, wenn die Seite im Modul &#8222;mehr Beitr\u00e4ge&#8220; verlinkt wird, dann muss hier der Teaseertext stehen. \u00a0<\/p>\n","protected":false},"author":1,"featured_media":0,"parent":0,"menu_order":0,"comment_status":"closed","ping_status":"closed","template":"","meta":{"_acf_changed":false,"footnotes":""},"class_list":["post-234","page","type-page","status-publish","hentry"],"acf":[],"_links":{"self":[{"href":"https:\/\/www.amzell.de\/de\/wp-json\/wp\/v2\/pages\/234","targetHints":{"allow":["GET"]}}],"collection":[{"href":"https:\/\/www.amzell.de\/de\/wp-json\/wp\/v2\/pages"}],"about":[{"href":"https:\/\/www.amzell.de\/de\/wp-json\/wp\/v2\/types\/page"}],"author":[{"embeddable":true,"href":"https:\/\/www.amzell.de\/de\/wp-json\/wp\/v2\/users\/1"}],"replies":[{"embeddable":true,"href":"https:\/\/www.amzell.de\/de\/wp-json\/wp\/v2\/comments?post=234"}],"version-history":[{"count":66,"href":"https:\/\/www.amzell.de\/de\/wp-json\/wp\/v2\/pages\/234\/revisions"}],"predecessor-version":[{"id":1842,"href":"https:\/\/www.amzell.de\/de\/wp-json\/wp\/v2\/pages\/234\/revisions\/1842"}],"wp:attachment":[{"href":"https:\/\/www.amzell.de\/de\/wp-json\/wp\/v2\/media?parent=234"}],"curies":[{"name":"wp","href":"https:\/\/api.w.org\/{rel}","templated":true}]}}